{"id":511,"date":"2023-08-15T12:05:45","date_gmt":"2023-08-15T12:05:45","guid":{"rendered":"https:\/\/armatasalvarii.md\/?page_id=511"},"modified":"2023-08-15T12:06:07","modified_gmt":"2023-08-15T12:06:07","slug":"viata-spirituala","status":"publish","type":"page","link":"https:\/\/armatasalvarii.md\/ro\/viata-spirituala\/","title":{"rendered":"Via\u021b\u0103 spiritual\u0103"},"content":{"rendered":"\t\t<div data-elementor-type=\"wp-page\" data-elementor-id=\"511\" class=\"elementor elementor-511 elementor-320\" data-elementor-post-type=\"page\">\n\t\t\t\t\t\t\t\t\t<section class=\"elementor-section elementor-top-section elementor-element elementor-element-ab20193 elementor-section-boxed elementor-section-height-default elementor-section-height-default\" data-id=\"ab20193\" data-element_type=\"section\">\n\t\t\t\t\t\t<div class=\"elementor-container elementor-column-gap-default\">\n\t\t\t\t\t<div class=\"elementor-column elementor-col-100 elementor-top-column elementor-element elementor-element-90caebf\" data-id=\"90caebf\" data-element_type=\"column\">\n\t\t\t<div class=\"elementor-widget-wrap elementor-element-populated\">\n\t\t\t\t\t\t\t\t<div class=\"elementor-element elementor-element-e28106c elementor-widget elementor-widget-text-editor\" data-id=\"e28106c\" data-element_type=\"widget\" data-widget_type=\"text-editor.default\">\n\t\t\t\t<div class=\"elementor-widget-container\">\n\t\t\t\t\t\t\t<p>Armata Salv\u0103rii nu este doar ramur\u0103 a Bisericii cre\u0219tine, ci \u0219i o \u201emi\u0219care a sfin\u021beniei\u201d ai c\u0103rei membri caut\u0103 s\u0103-i semene lui Isus Hristos prin a permite Sf\u00e2ntului Duh s\u0103 s\u0103l\u0103\u0219luiasc\u0103 \u00een vie\u021bile lor.<\/p><p><img decoding=\"async\" loading=\"lazy\" class=\"size-medium wp-image-827 alignleft\" src=\"https:\/\/salvationarmyeet.org\/wp-content\/uploads\/2017\/07\/19400109_1913422242204335_3754724966643830085_n-e1499609092566-271x300-1.jpg\" alt=\"\" width=\"271\" height=\"300\" \/><\/p><p>Devo\u021biunile personale \u0219i \u00eenchinarea \u00eempreun\u0103 a credincio\u0219ilor din comunitate sunt p\u0103r\u021bi vitale pentru via\u021ba spiritual\u0103 a Armatei Salv\u0103rii, a\u0219a cum e \u0219i studiul Biblic, rug\u0103ciunea \u0219i medita\u021bia. Oferim un curs online de lecturi din Ghidul nostru Zilnic de Lectur\u0103 din Biblie, Rug\u0103ciuni Zilnice care s\u0103 v\u0103 ajute s\u0103 g\u0103si\u021bi propriul vostru timp de rug\u0103ciune \u0219i o Pauz\u0103 de G\u00e2ndire pentru a putea medita.<\/p><p>Centrul nostru pentru Dezvoltarea Vie\u021bii Spirituale ofer\u0103 multe resurse ajut\u0103toare \u0219i coordoneaz\u0103 Ini\u021biativa de Rug\u0103ciune 24-7 a Armatei Salv\u0103rii.<\/p><p><em>*<\/em><em>Pentru mai multe informa\u021bii, v\u0103 rug\u0103m s\u0103 vizita\u021bi\u00a0<\/em><a href=\"http:\/\/www.salvationarmy.org\/\"><em>http:\/\/www.salvationarmy.org\/<\/em><\/a><\/p>\t\t\t\t\t\t<\/div>\n\t\t\t\t<\/div>\n\t\t\t\t\t<\/div>\n\t\t<\/div>\n\t\t\t\t\t\t\t<\/div>\n\t\t<\/section>\n\t\t\t\t\t\t\t<\/div>\n\t\t","protected":false},"excerpt":{"rendered":"<p>Armata Salv\u0103rii nu este doar ramur\u0103 a Bisericii cre\u0219tine, ci \u0219i o \u201emi\u0219care a sfin\u021beniei\u201d ai c\u0103rei membri caut\u0103 s\u0103-i semene lui Isus Hristos prin a permite Sf\u00e2ntului Duh s\u0103 [&hellip;]<\/p>\n","protected":false},"author":1,"featured_media":0,"parent":0,"menu_order":0,"comment_status":"closed","ping_status":"closed","template":"","meta":{"footnotes":""},"_links":{"self":[{"href":"https:\/\/armatasalvarii.md\/ro\/wp-json\/wp\/v2\/pages\/511"}],"collection":[{"href":"https:\/\/armatasalvarii.md\/ro\/wp-json\/wp\/v2\/pages"}],"about":[{"href":"https:\/\/armatasalvarii.md\/ro\/wp-json\/wp\/v2\/types\/page"}],"author":[{"embeddable":true,"href":"https:\/\/armatasalvarii.md\/ro\/wp-json\/wp\/v2\/users\/1"}],"replies":[{"embeddable":true,"href":"https:\/\/armatasalvarii.md\/ro\/wp-json\/wp\/v2\/comments?post=511"}],"version-history":[{"count":4,"href":"https:\/\/armatasalvarii.md\/ro\/wp-json\/wp\/v2\/pages\/511\/revisions"}],"predecessor-version":[{"id":515,"href":"https:\/\/armatasalvarii.md\/ro\/wp-json\/wp\/v2\/pages\/511\/revisions\/515"}],"wp:attachment":[{"href":"https:\/\/armatasalvarii.md\/ro\/wp-json\/wp\/v2\/media?parent=511"}],"curies":[{"name":"wp","href":"https:\/\/api.w.org\/{rel}","templated":true}]}}