{"id":506,"date":"2023-08-15T12:03:51","date_gmt":"2023-08-15T12:03:51","guid":{"rendered":"https:\/\/armatasalvarii.md\/?page_id=506"},"modified":"2023-08-15T12:04:15","modified_gmt":"2023-08-15T12:04:15","slug":"inchinare","status":"publish","type":"page","link":"https:\/\/armatasalvarii.md\/ro\/inchinare\/","title":{"rendered":"\u00cenchinare"},"content":{"rendered":"\t\t<div data-elementor-type=\"wp-page\" data-elementor-id=\"506\" class=\"elementor elementor-506 elementor-315\" data-elementor-post-type=\"page\">\n\t\t\t\t\t\t\t\t\t<section class=\"elementor-section elementor-top-section elementor-element elementor-element-7efce1d elementor-section-boxed elementor-section-height-default elementor-section-height-default\" data-id=\"7efce1d\" data-element_type=\"section\">\n\t\t\t\t\t\t<div class=\"elementor-container elementor-column-gap-default\">\n\t\t\t\t\t<div class=\"elementor-column elementor-col-100 elementor-top-column elementor-element elementor-element-2d557fc\" data-id=\"2d557fc\" data-element_type=\"column\">\n\t\t\t<div class=\"elementor-widget-wrap elementor-element-populated\">\n\t\t\t\t\t\t\t\t<div class=\"elementor-element elementor-element-6e84d7b elementor-widget elementor-widget-text-editor\" data-id=\"6e84d7b\" data-element_type=\"widget\" data-widget_type=\"text-editor.default\">\n\t\t\t\t<div class=\"elementor-widget-container\">\n\t\t\t\t\t\t\t<p>Armata Salv\u0103rii este parte integrant\u0103 a Bisericii universale cre\u0219tine, de\u0219i are administra\u021bie \u0219i practici distincte.<\/p><p><img decoding=\"async\" loading=\"lazy\" class=\"size-medium wp-image-825 alignleft\" src=\"https:\/\/salvationarmyeet.org\/wp-content\/uploads\/2017\/07\/13343156_1742969562582938_3732090939052918055_n-e1499608872625-300x143-1.jpg\" alt=\"\" width=\"300\" height=\"143\" \/><\/p><p>Locurile de \u00eenchinare ale Armatei Salv\u0103rii sunt c\u00e2teodat\u0103 numite \u201ecitadele\u201d sau \u201etemple\u201d, dar, indiferent de numele lor, sunt Biserici cre\u0219tine deschise comunit\u0103\u021bilor pe care le slujesc \u0219i primesc cu c\u0103ldur\u0103 pe toat\u0103 lumea.<\/p><p>Majoritatea centrelor Armatei Salv\u0103rii desf\u0103\u0219oar\u0103 servicii de \u00eenchinare s\u0103pt\u0103m\u00e2nal, de regul\u0103 duminica. Aceste \u00eent\u00e2lniri au loc \u00eentr-o atmosfer\u0103 relaxant\u0103 \u0219i pot include c\u00e2nt\u0103ri religioase, lecturi din Biblie, m\u0103rturii (membrii congrega\u021biei discut\u0103 despre experien\u021bele lor cre\u0219tine) \u0219i prezent\u0103ri din partea grupurilor de \u00eenchinare \u0219i teatru. C\u00e2ntecele religioase pot fi acompaniate de trupe tradi\u021bionale ale Armatei Salv\u0103rii sau de trupe de \u00eenchinare contemporane, unde g\u0103sim instrumente precum org\u0103, chitar\u0103, tobe etc. Muzicienii (corul) pot da tonul sau s\u0103 prezinte un element muzical asupra c\u0103ruia se poate reflecta.<\/p><p>Pe l\u00e2ng\u0103 serviciul de \u00eenchinare de duminic\u0103, \u00een timpul s\u0103pt\u0103m\u00e2nii au loc adesea evenimente at\u00e2t \u00een timpul zilei, c\u00e2t \u0219i seara, precum grupuri de rug\u0103ciune, evenimente \u00een familie, grupuri de pr\u00e2nz, cluburi de tineret \u0219i \u00eent\u00e2lniri \u00eentre seniori.<\/p><p>\u00a0<\/p><p><em>*<\/em><em>Pentru mai multe informa\u021bii, v\u0103 rug\u0103m s\u0103 vizita\u021bi<\/em><em>\u00a0<\/em><a href=\"http:\/\/www.salvationarmy.org\/\"><em>http:\/\/www.salvationarmy.org\/<\/em><\/a><\/p>\t\t\t\t\t\t<\/div>\n\t\t\t\t<\/div>\n\t\t\t\t\t<\/div>\n\t\t<\/div>\n\t\t\t\t\t\t\t<\/div>\n\t\t<\/section>\n\t\t\t\t\t\t\t<\/div>\n\t\t","protected":false},"excerpt":{"rendered":"<p>Armata Salv\u0103rii este parte integrant\u0103 a Bisericii universale cre\u0219tine, de\u0219i are administra\u021bie \u0219i practici distincte. Locurile de \u00eenchinare ale Armatei Salv\u0103rii sunt c\u00e2teodat\u0103 numite \u201ecitadele\u201d sau \u201etemple\u201d, dar, indiferent de [&hellip;]<\/p>\n","protected":false},"author":1,"featured_media":0,"parent":0,"menu_order":0,"comment_status":"closed","ping_status":"closed","template":"","meta":{"footnotes":""},"_links":{"self":[{"href":"https:\/\/armatasalvarii.md\/ro\/wp-json\/wp\/v2\/pages\/506"}],"collection":[{"href":"https:\/\/armatasalvarii.md\/ro\/wp-json\/wp\/v2\/pages"}],"about":[{"href":"https:\/\/armatasalvarii.md\/ro\/wp-json\/wp\/v2\/types\/page"}],"author":[{"embeddable":true,"href":"https:\/\/armatasalvarii.md\/ro\/wp-json\/wp\/v2\/users\/1"}],"replies":[{"embeddable":true,"href":"https:\/\/armatasalvarii.md\/ro\/wp-json\/wp\/v2\/comments?post=506"}],"version-history":[{"count":4,"href":"https:\/\/armatasalvarii.md\/ro\/wp-json\/wp\/v2\/pages\/506\/revisions"}],"predecessor-version":[{"id":510,"href":"https:\/\/armatasalvarii.md\/ro\/wp-json\/wp\/v2\/pages\/506\/revisions\/510"}],"wp:attachment":[{"href":"https:\/\/armatasalvarii.md\/ro\/wp-json\/wp\/v2\/media?parent=506"}],"curies":[{"name":"wp","href":"https:\/\/api.w.org\/{rel}","templated":true}]}}