{"id":501,"date":"2023-08-15T12:02:26","date_gmt":"2023-08-15T12:02:26","guid":{"rendered":"https:\/\/armatasalvarii.md\/?page_id=501"},"modified":"2023-08-15T12:02:49","modified_gmt":"2023-08-15T12:02:49","slug":"rugaciune","status":"publish","type":"page","link":"https:\/\/armatasalvarii.md\/ro\/rugaciune\/","title":{"rendered":"Rug\u0103ciune"},"content":{"rendered":"\t\t<div data-elementor-type=\"wp-page\" data-elementor-id=\"501\" class=\"elementor elementor-501 elementor-310\" data-elementor-post-type=\"page\">\n\t\t\t\t\t\t\t\t\t<section class=\"elementor-section elementor-top-section elementor-element elementor-element-838b100 elementor-section-boxed elementor-section-height-default elementor-section-height-default\" data-id=\"838b100\" data-element_type=\"section\">\n\t\t\t\t\t\t<div class=\"elementor-container elementor-column-gap-default\">\n\t\t\t\t\t<div class=\"elementor-column elementor-col-100 elementor-top-column elementor-element elementor-element-8a861ad\" data-id=\"8a861ad\" data-element_type=\"column\">\n\t\t\t<div class=\"elementor-widget-wrap elementor-element-populated\">\n\t\t\t\t\t\t\t\t<div class=\"elementor-element elementor-element-17bb3eb elementor-widget elementor-widget-text-editor\" data-id=\"17bb3eb\" data-element_type=\"widget\" data-widget_type=\"text-editor.default\">\n\t\t\t\t<div class=\"elementor-widget-container\">\n\t\t\t\t\t\t\t<p>Rug\u0103ciunea este vital\u0103 pentru lucrarea Armatei Salv\u0103rii \u0219i o trat\u0103m cu seriozitate.<\/p><div class=\"row-fluid\"><div class=\"span9 content\"><p><img decoding=\"async\" loading=\"lazy\" class=\"wp-image-588 alignleft\" src=\"https:\/\/salvationarmyeet.org\/wp-content\/uploads\/2017\/07\/18198727_1887404974806062_3098898588909829279_n-e1499608572510.jpg\" sizes=\"(max-width: 207px) 100vw, 207px\" srcset=\"https:\/\/salvationarmyeet.org\/wp-content\/uploads\/2017\/07\/18198727_1887404974806062_3098898588909829279_n-e1499608572510.jpg 265w, https:\/\/salvationarmyeet.org\/wp-content\/uploads\/2017\/07\/18198727_1887404974806062_3098898588909829279_n-e1499608572510.jpg 638w\" alt=\"\" width=\"207\" height=\"234\" \/><\/p><\/div><p><a href=\"https:\/\/www.salvationarmy.org\/thegeneral\/WWPM\">Rug\u0103ciunea Mondial\u0103<\/a>\u00a0se desf\u0103\u0219oar\u0103 \u00een fiecare joi diminea\u021b\u0103 \u2013 oamenii sunt \u00eencuraja\u021bi s\u0103 dedice, \u00eentr-un anumit interval orar, o jum\u0103tate de or\u0103 pentru a se ruga pentru misiunea Armatei Salv\u0103rii la nivel interna\u021bional. Aceast\u0103 \u00eent\u00e2lnire de rug\u0103ciune, ini\u021biat\u0103 de Generalul Linda Bond, a fost comparat\u0103 cu \u201eun val de rug\u0103ciune mexican\u201d, \u00eentruc\u00e2t ea continu\u0103 \u00een fiecare fus orar la nivel interna\u021bional. \u00cen prezent sunt reprezentate 129 de \u021b\u0103ri \u2013 mii de oameni din jurul lumii se roag\u0103 s\u0103pt\u0103m\u00e2nal.<\/p><p>Din ianuarie 2011, Salva\u021bioni\u0219tii din \u00eentreaga lume au fost chema\u021bi la Rug\u0103ciunea 24-7. Aceasta presupune o mijlocire unitar\u0103 \u0219i concentrat\u0103 \u2013 nevoia drept\u0103\u021bii pentru cei oprima\u021bi: un strig\u0103t de o zi \u0219i o noapte pentru dreptate.<\/p><p>Ca s\u0103 v\u0103 ajut\u0103m s\u0103 petrece\u021bi zilnic timp cu Dumnezeu, am selectat c\u00e2te o rug\u0103ciune pentru fiecare zi a s\u0103pt\u0103m\u00e2nii. Sper\u0103m c\u0103 v\u0103 ve\u021bi sim\u021bi inspira\u021bi, ajuta\u021bi \u0219i binecuv\u00e2nta\u021bi de ele. Mai mult dec\u00e2t at\u00e2t, ne rug\u0103m ca acest timp petrecut \u00een lini\u0219te cu Dumnezeu s\u0103 devin\u0103 o obi\u0219nuin\u021b\u0103 \u00een via\u021ba voastr\u0103.<\/p><\/div>\t\t\t\t\t\t<\/div>\n\t\t\t\t<\/div>\n\t\t\t\t\t<\/div>\n\t\t<\/div>\n\t\t\t\t\t\t\t<\/div>\n\t\t<\/section>\n\t\t\t\t\t\t\t<\/div>\n\t\t","protected":false},"excerpt":{"rendered":"<p>Rug\u0103ciunea este vital\u0103 pentru lucrarea Armatei Salv\u0103rii \u0219i o trat\u0103m cu seriozitate. Rug\u0103ciunea Mondial\u0103\u00a0se desf\u0103\u0219oar\u0103 \u00een fiecare joi diminea\u021b\u0103 \u2013 oamenii sunt \u00eencuraja\u021bi s\u0103 dedice, \u00eentr-un anumit interval orar, o [&hellip;]<\/p>\n","protected":false},"author":1,"featured_media":0,"parent":0,"menu_order":0,"comment_status":"closed","ping_status":"closed","template":"","meta":{"footnotes":""},"_links":{"self":[{"href":"https:\/\/armatasalvarii.md\/ro\/wp-json\/wp\/v2\/pages\/501"}],"collection":[{"href":"https:\/\/armatasalvarii.md\/ro\/wp-json\/wp\/v2\/pages"}],"about":[{"href":"https:\/\/armatasalvarii.md\/ro\/wp-json\/wp\/v2\/types\/page"}],"author":[{"embeddable":true,"href":"https:\/\/armatasalvarii.md\/ro\/wp-json\/wp\/v2\/users\/1"}],"replies":[{"embeddable":true,"href":"https:\/\/armatasalvarii.md\/ro\/wp-json\/wp\/v2\/comments?post=501"}],"version-history":[{"count":4,"href":"https:\/\/armatasalvarii.md\/ro\/wp-json\/wp\/v2\/pages\/501\/revisions"}],"predecessor-version":[{"id":505,"href":"https:\/\/armatasalvarii.md\/ro\/wp-json\/wp\/v2\/pages\/501\/revisions\/505"}],"wp:attachment":[{"href":"https:\/\/armatasalvarii.md\/ro\/wp-json\/wp\/v2\/media?parent=501"}],"curies":[{"name":"wp","href":"https:\/\/api.w.org\/{rel}","templated":true}]}}