{"id":496,"date":"2023-08-15T12:00:59","date_gmt":"2023-08-15T12:00:59","guid":{"rendered":"https:\/\/armatasalvarii.md\/?page_id=496"},"modified":"2023-08-15T12:01:24","modified_gmt":"2023-08-15T12:01:24","slug":"doctrine","status":"publish","type":"page","link":"https:\/\/armatasalvarii.md\/ro\/doctrine\/","title":{"rendered":"Doctrine"},"content":{"rendered":"\t\t<div data-elementor-type=\"wp-page\" data-elementor-id=\"496\" class=\"elementor elementor-496 elementor-298\" data-elementor-post-type=\"page\">\n\t\t\t\t\t\t\t\t\t<section class=\"elementor-section elementor-top-section elementor-element elementor-element-e7b3f44 elementor-section-boxed elementor-section-height-default elementor-section-height-default\" data-id=\"e7b3f44\" data-element_type=\"section\">\n\t\t\t\t\t\t<div class=\"elementor-container elementor-column-gap-default\">\n\t\t\t\t\t<div class=\"elementor-column elementor-col-100 elementor-top-column elementor-element elementor-element-b62ef6f\" data-id=\"b62ef6f\" data-element_type=\"column\">\n\t\t\t<div class=\"elementor-widget-wrap elementor-element-populated\">\n\t\t\t\t\t\t\t\t<div class=\"elementor-element elementor-element-a5f3116 elementor-widget elementor-widget-text-editor\" data-id=\"a5f3116\" data-element_type=\"widget\" data-widget_type=\"text-editor.default\">\n\t\t\t\t<div class=\"elementor-widget-container\">\n\t\t\t\t\t\t\t<h6><img decoding=\"async\" loading=\"lazy\" class=\"wp-image-343 alignleft\" src=\"https:\/\/salvationarmyeet.org\/wp-content\/uploads\/2017\/07\/Bible.jpg\" sizes=\"(max-width: 300px) 100vw, 300px\" srcset=\"https:\/\/salvationarmyeet.org\/wp-content\/uploads\/2017\/07\/Bible.jpg 300w, https:\/\/salvationarmyeet.org\/wp-content\/uploads\/2017\/07\/Bible-768x432.jpg 768w, https:\/\/salvationarmyeet.org\/wp-content\/uploads\/2017\/07\/Bible.jpg 960w\" alt=\"\" width=\"300\" height=\"169\" \/><em>Dup\u0103 cum e prev\u0103zut \u00een Anexa 1 din Legea Armatei Salv\u0103rii 1980<\/em><\/h6><p><strong>Noi credem<\/strong>\u00a0c\u0103 Sfintele Scripturi ale Vechiului \u015fi Noului Testament au fost date prin inspira\u0163ia lui Dumnezeu \u015fi numai ele constituie legea divin\u0103 a credin\u0163ei \u015fi vie\u0163ii cre\u015ftine.<\/p><p><strong>Noi credem\u00a0<\/strong>c\u0103 exist\u0103 un singur Dumnezeu, absolut des\u0103v\u00e2r\u015fit, Creatorul, P\u0103zitorul \u015fi Guvernatorul tuturor lucrurilor \u015fi numai El este Obiectul adev\u0103rat al \u00eenchin\u0103rii religioase.<\/p><p><strong>Noi credem\u00a0<\/strong>c\u0103 exist\u0103 trei Persoane \u00een Divinitate \u2013 Tat\u0103l, Fiul \u015fi Duhul Sf\u00e2nt, \u00eentregi \u00een esen\u0163\u0103 \u015fi coegali \u00een putere \u015fi glorie.<\/p><p><strong>Noi credem\u00a0<\/strong>c\u0103 \u00een persoana lui Isus Hristos sunt unite dou\u0103 naturi, cea divin\u0103 \u015fi cea uman\u0103, de aceea El este cu adev\u0103rat \u015fi pe deplin Dumnezeu precum \u015fi cu adev\u0103rat \u015fi pe deplin om.<\/p><p><strong>Noi credem\u00a0<\/strong>c\u0103 primii no\u015ftri p\u0103rin\u0163i au fost crea\u0163i inocen\u0163i, dar din cauza neascult\u0103rii lor, \u015fi-au pierdut puritatea \u015fi fericirea \u015fi, ca rezultat al c\u0103derii lor \u00een p\u0103cat, to\u0163i oamenii au devenit p\u0103c\u0103to\u015fi, total deprava\u0163i, \u015fi astfel \u00eendur\u0103 pe bun\u0103 dreptate m\u00e2nia lui Dumnezeu<strong>.<\/strong><\/p><p><strong>Noi credem\u00a0<\/strong>c\u0103 Domnul Iisus Hristos, prin suferin\u0163a \u015fi moartea Sa, a r\u0103scump\u0103rat \u00eentreaga lume, pentru ca oricine crede \u00een El, s\u0103 fie salvat.<\/p><p><strong>Noi credem\u00a0<\/strong>c\u0103 poc\u0103in\u0163a \u00een fa\u0163a lui Dumnezeu, credin\u0163a \u00een Domnul nostru Iisus Hristos \u015fi rena\u015fterea spiritual\u0103 prin Duhul Sf\u00e2nt sunt necesare pentru salvare.<\/p><p><strong>Noi credem<\/strong>\u00a0c\u0103 suntem \u00eendrept\u0103\u0163i\u0163i prin harul credin\u0163ei \u00een Domnul nostru Iisus Hristos \u015fi cine crede, are aceast\u0103 m\u0103rturie \u00een el \u00eensu\u015fi.<\/p><p><strong>Noi credem\u00a0<\/strong>c\u0103 p\u0103strarea salv\u0103rii depinde de credin\u0163a noastr\u0103, continu\u0103 \u015fi supus\u0103 fa\u0163\u0103 de Hristos.<\/p><p><strong>Noi credem\u00a0<\/strong>c\u0103 fiecare credincios are privilegiul s\u0103 fie sfin\u0163it pe deplin, astfel ca duhul, sufletul \u015fi trupul s\u0103 fie p\u0103strate f\u0103r\u0103 prihan\u0103 la venirea Domnului nostru Iisus Hristos.<\/p><p><strong>Noi credem<\/strong>\u00a0\u00een nemurirea sufletului, \u00een \u00eenvierea trupului, \u00een judecata cea mare la sf\u00e2r\u015fitul lumii, \u00een fericirea etern\u0103 a celor neprih\u0103ni\u0163i \u015fi pedeapsa ve\u015fnic\u0103 a celor p\u0103c\u0103to\u015fi.<\/p>\t\t\t\t\t\t<\/div>\n\t\t\t\t<\/div>\n\t\t\t\t\t<\/div>\n\t\t<\/div>\n\t\t\t\t\t\t\t<\/div>\n\t\t<\/section>\n\t\t\t\t\t\t\t<\/div>\n\t\t","protected":false},"excerpt":{"rendered":"<p>Dup\u0103 cum e prev\u0103zut \u00een Anexa 1 din Legea Armatei Salv\u0103rii 1980 Noi credem\u00a0c\u0103 Sfintele Scripturi ale Vechiului \u015fi Noului Testament au fost date prin inspira\u0163ia lui Dumnezeu \u015fi numai [&hellip;]<\/p>\n","protected":false},"author":1,"featured_media":0,"parent":0,"menu_order":0,"comment_status":"closed","ping_status":"closed","template":"","meta":{"footnotes":""},"_links":{"self":[{"href":"https:\/\/armatasalvarii.md\/ro\/wp-json\/wp\/v2\/pages\/496"}],"collection":[{"href":"https:\/\/armatasalvarii.md\/ro\/wp-json\/wp\/v2\/pages"}],"about":[{"href":"https:\/\/armatasalvarii.md\/ro\/wp-json\/wp\/v2\/types\/page"}],"author":[{"embeddable":true,"href":"https:\/\/armatasalvarii.md\/ro\/wp-json\/wp\/v2\/users\/1"}],"replies":[{"embeddable":true,"href":"https:\/\/armatasalvarii.md\/ro\/wp-json\/wp\/v2\/comments?post=496"}],"version-history":[{"count":4,"href":"https:\/\/armatasalvarii.md\/ro\/wp-json\/wp\/v2\/pages\/496\/revisions"}],"predecessor-version":[{"id":500,"href":"https:\/\/armatasalvarii.md\/ro\/wp-json\/wp\/v2\/pages\/496\/revisions\/500"}],"wp:attachment":[{"href":"https:\/\/armatasalvarii.md\/ro\/wp-json\/wp\/v2\/media?parent=496"}],"curies":[{"name":"wp","href":"https:\/\/api.w.org\/{rel}","templated":true}]}}