{"id":491,"date":"2023-08-15T11:59:32","date_gmt":"2023-08-15T11:59:32","guid":{"rendered":"https:\/\/armatasalvarii.md\/?page_id=491"},"modified":"2023-08-15T11:59:51","modified_gmt":"2023-08-15T11:59:51","slug":"credinta-noastra","status":"publish","type":"page","link":"https:\/\/armatasalvarii.md\/ro\/credinta-noastra\/","title":{"rendered":"Credin\u021ba noastr\u0103"},"content":{"rendered":"\t\t<div data-elementor-type=\"wp-page\" data-elementor-id=\"491\" class=\"elementor elementor-491 elementor-205\" data-elementor-post-type=\"page\">\n\t\t\t\t\t\t\t\t\t<section class=\"elementor-section elementor-top-section elementor-element elementor-element-468f77c elementor-section-boxed elementor-section-height-default elementor-section-height-default\" data-id=\"468f77c\" data-element_type=\"section\">\n\t\t\t\t\t\t<div class=\"elementor-container elementor-column-gap-default\">\n\t\t\t\t\t<div class=\"elementor-column elementor-col-100 elementor-top-column elementor-element elementor-element-4897ffc\" data-id=\"4897ffc\" data-element_type=\"column\">\n\t\t\t<div class=\"elementor-widget-wrap elementor-element-populated\">\n\t\t\t\t\t\t\t\t<div class=\"elementor-element elementor-element-29ccbeb elementor-widget elementor-widget-text-editor\" data-id=\"29ccbeb\" data-element_type=\"widget\" data-widget_type=\"text-editor.default\">\n\t\t\t\t<div class=\"elementor-widget-container\">\n\t\t\t\t\t\t\t<p>Armata Salv\u0103rii este o organiza\u021bie cre\u0219tin\u0103 \u0219i parte a Bisericii universale cre\u0219tine.<\/p><p><img decoding=\"async\" loading=\"lazy\" class=\"size-medium wp-image-584 alignleft\" src=\"https:\/\/salvationarmyeet.org\/wp-content\/uploads\/2017\/07\/4.jpg\" sizes=\"(max-width: 300px) 100vw, 300px\" srcset=\"https:\/\/salvationarmyeet.org\/wp-content\/uploads\/2017\/07\/4.jpg 300w, https:\/\/salvationarmyeet.org\/wp-content\/uploads\/2017\/07\/4-768x384.jpg 768w, https:\/\/salvationarmyeet.org\/wp-content\/uploads\/2017\/07\/4-1024x512.jpg 1024w, https:\/\/salvationarmyeet.org\/wp-content\/uploads\/2017\/07\/4-600x300.jpg 600w, https:\/\/salvationarmyeet.org\/wp-content\/uploads\/2017\/07\/4-400x200.jpg 400w\" alt=\"\" width=\"300\" height=\"150\" \/><\/p><p>Mesajul s\u0103u \u0219i stilul de via\u021b\u0103 pe care \u00eel sus\u021bine este bazat pe \u00eenv\u0103\u021b\u0103tura Bibliei. Lucrarea sa \u00ee\u0219i propune s\u0103 fac\u0103 cunoscut\u0103 vestea cea bun\u0103 despre Isus Hristos \u0219i s\u0103 conving\u0103 oamenii s\u0103 devin\u0103 adep\u021bii S\u0103i.<\/p><p>Tot ceea ce face Armata Salv\u0103rii este \u00eenr\u0103d\u0103cinat \u00een credin\u021ba membrilor s\u0103i. \u00cencrederea Salva\u021bioni\u0219tilor \u00eentr-un Dumnezeu iubitor se reflect\u0103 \u00een exterior prin dragostea lor pentru umanitate \u0219i \u00eent\u00e2mpinarea nevoilor umane.<\/p><p><em>*Pentru mai multe informa\u021bii, v\u0103 rug\u0103m s\u0103 vizita\u021bi\u00a0<\/em><a href=\"http:\/\/www.salvationarmy.org\/\"><em>http:\/\/www.salvationarmy.org<\/em><\/a><\/p>\t\t\t\t\t\t<\/div>\n\t\t\t\t<\/div>\n\t\t\t\t\t<\/div>\n\t\t<\/div>\n\t\t\t\t\t\t\t<\/div>\n\t\t<\/section>\n\t\t\t\t\t\t\t<\/div>\n\t\t","protected":false},"excerpt":{"rendered":"<p>Armata Salv\u0103rii este o organiza\u021bie cre\u0219tin\u0103 \u0219i parte a Bisericii universale cre\u0219tine. Mesajul s\u0103u \u0219i stilul de via\u021b\u0103 pe care \u00eel sus\u021bine este bazat pe \u00eenv\u0103\u021b\u0103tura Bibliei. Lucrarea sa \u00ee\u0219i [&hellip;]<\/p>\n","protected":false},"author":1,"featured_media":0,"parent":0,"menu_order":0,"comment_status":"closed","ping_status":"closed","template":"","meta":{"footnotes":""},"_links":{"self":[{"href":"https:\/\/armatasalvarii.md\/ro\/wp-json\/wp\/v2\/pages\/491"}],"collection":[{"href":"https:\/\/armatasalvarii.md\/ro\/wp-json\/wp\/v2\/pages"}],"about":[{"href":"https:\/\/armatasalvarii.md\/ro\/wp-json\/wp\/v2\/types\/page"}],"author":[{"embeddable":true,"href":"https:\/\/armatasalvarii.md\/ro\/wp-json\/wp\/v2\/users\/1"}],"replies":[{"embeddable":true,"href":"https:\/\/armatasalvarii.md\/ro\/wp-json\/wp\/v2\/comments?post=491"}],"version-history":[{"count":4,"href":"https:\/\/armatasalvarii.md\/ro\/wp-json\/wp\/v2\/pages\/491\/revisions"}],"predecessor-version":[{"id":495,"href":"https:\/\/armatasalvarii.md\/ro\/wp-json\/wp\/v2\/pages\/491\/revisions\/495"}],"wp:attachment":[{"href":"https:\/\/armatasalvarii.md\/ro\/wp-json\/wp\/v2\/media?parent=491"}],"curies":[{"name":"wp","href":"https:\/\/api.w.org\/{rel}","templated":true}]}}