{"id":481,"date":"2023-08-15T11:56:41","date_gmt":"2023-08-15T11:56:41","guid":{"rendered":"https:\/\/armatasalvarii.md\/?page_id=481"},"modified":"2023-08-15T11:57:04","modified_gmt":"2023-08-15T11:57:04","slug":"trupul-lui-hristos","status":"publish","type":"page","link":"https:\/\/armatasalvarii.md\/ro\/trupul-lui-hristos\/","title":{"rendered":"Trupul lui Hristos"},"content":{"rendered":"\t\t<div data-elementor-type=\"wp-page\" data-elementor-id=\"481\" class=\"elementor elementor-481 elementor-293\" data-elementor-post-type=\"page\">\n\t\t\t\t\t\t\t\t\t<section class=\"elementor-section elementor-top-section elementor-element elementor-element-18aa260 elementor-section-boxed elementor-section-height-default elementor-section-height-default\" data-id=\"18aa260\" data-element_type=\"section\">\n\t\t\t\t\t\t<div class=\"elementor-container elementor-column-gap-default\">\n\t\t\t\t\t<div class=\"elementor-column elementor-col-100 elementor-top-column elementor-element elementor-element-e67cedf\" data-id=\"e67cedf\" data-element_type=\"column\">\n\t\t\t<div class=\"elementor-widget-wrap elementor-element-populated\">\n\t\t\t\t\t\t\t\t<div class=\"elementor-element elementor-element-ae3be14 elementor-widget elementor-widget-text-editor\" data-id=\"ae3be14\" data-element_type=\"widget\" data-widget_type=\"text-editor.default\">\n\t\t\t\t<div class=\"elementor-widget-container\">\n\t\t\t\t\t\t\t<p>Armata Salv\u0103rii este parte evanghelic\u0103 a Bisericii universale cre\u0219tine, av\u00e2nd propria sa administra\u021bie \u0219i practice distincte. Mesajul Armatei se bazeaz\u0103 pe curentul credin\u021bei cre\u0219tine \u0219i articolele sale cu privire la credin\u021b\u0103 subliniaz\u0103 scopurile m\u00e2ntuitoare ale lui Dumnezeu.<\/p><p><b><i><img decoding=\"async\" loading=\"lazy\" class=\"size-medium wp-image-597 alignleft\" src=\"https:\/\/salvationarmyeet.org\/wp-content\/uploads\/2017\/07\/Bible-800.jpg\" sizes=\"(max-width: 300px) 100vw, 300px\" srcset=\"https:\/\/salvationarmyeet.org\/wp-content\/uploads\/2017\/07\/Bible-800.jpg 300w, https:\/\/salvationarmyeet.org\/wp-content\/uploads\/2017\/07\/Bible-800-768x293.jpg 768w, https:\/\/salvationarmyeet.org\/wp-content\/uploads\/2017\/07\/Bible-800-1024x390.jpg 1024w, https:\/\/salvationarmyeet.org\/wp-content\/uploads\/2017\/07\/Bible-800-130x50.jpg 130w\" alt=\"\" width=\"300\" height=\"114\" \/><\/i><\/b><\/p><p><strong><em>Armata Salv\u0103rii \u00een Trupul lui Hristos\u00a0<\/em><\/strong>este o declara\u021bie ecleziologic\u0103 publicat\u0103 de\u00a0<em>Salvation Books<\/em>, Cartierul Interna\u021bional. \u00cen prefa\u021b\u0103, Generalul Clifton spune despre aceast\u0103 scurt\u0103 publica\u021bie: \u201eVa fi \u00een mod special util\u0103 pentru aceia dintre noi care sunt implica\u021bi activ \u00een rela\u021bii ecumenice \u0219i poate fi u\u0219or \u00eemp\u0103r\u021bit\u0103 cu cei care nu fac parte dintre noi, dac\u0103 aceasta ne va ajuta s\u0103 ne \u00een\u021belegem reciproc. Declara\u021bia nu inten\u021bioneaz\u0103 s\u0103 spun\u0103 lucruri noi, \u00eens\u0103 scopul s\u0103u este de a clarifica \u0219i consolida actuala g\u00e2ndire global\u0103 asupra identit\u0103\u021bii noastre \u00een cadrul Trupului lui Hristos.\u201d<\/p><p>Desc\u0103rca\u021bi bro\u0219ura ca PDF \u00een limba englez\u0103:\u00a0<strong><em>Armata Salv<\/em><\/strong><strong><em>\u0103rii \u00een Trupul lui Hristos \u2013 O Declara\u021bie Ecleziologic\u0103<\/em><\/strong><br \/>O declara\u021bie emis\u0103 de Cartierul Interna\u021bional al Armatei Salv\u0103rii cu autoritatea Generalului, \u00een parteneriat cu Consiliul Interna\u021bional al Doctrinelor \u0219i Consiliul Interna\u021bional de Management.<\/p><p><em>*<\/em><em>Pentru mai multe informa\u021bii, v\u0103 rug\u0103m s\u0103 vizita\u021bi\u00a0<\/em><a href=\"http:\/\/www.salvationarmy.org\/\"><em>http:\/\/www.salvationarmy.org\/<\/em><\/a><\/p>\t\t\t\t\t\t<\/div>\n\t\t\t\t<\/div>\n\t\t\t\t\t<\/div>\n\t\t<\/div>\n\t\t\t\t\t\t\t<\/div>\n\t\t<\/section>\n\t\t\t\t\t\t\t<\/div>\n\t\t","protected":false},"excerpt":{"rendered":"<p>Armata Salv\u0103rii este parte evanghelic\u0103 a Bisericii universale cre\u0219tine, av\u00e2nd propria sa administra\u021bie \u0219i practice distincte. Mesajul Armatei se bazeaz\u0103 pe curentul credin\u021bei cre\u0219tine \u0219i articolele sale cu privire la [&hellip;]<\/p>\n","protected":false},"author":1,"featured_media":0,"parent":0,"menu_order":0,"comment_status":"closed","ping_status":"closed","template":"","meta":{"footnotes":""},"_links":{"self":[{"href":"https:\/\/armatasalvarii.md\/ro\/wp-json\/wp\/v2\/pages\/481"}],"collection":[{"href":"https:\/\/armatasalvarii.md\/ro\/wp-json\/wp\/v2\/pages"}],"about":[{"href":"https:\/\/armatasalvarii.md\/ro\/wp-json\/wp\/v2\/types\/page"}],"author":[{"embeddable":true,"href":"https:\/\/armatasalvarii.md\/ro\/wp-json\/wp\/v2\/users\/1"}],"replies":[{"embeddable":true,"href":"https:\/\/armatasalvarii.md\/ro\/wp-json\/wp\/v2\/comments?post=481"}],"version-history":[{"count":4,"href":"https:\/\/armatasalvarii.md\/ro\/wp-json\/wp\/v2\/pages\/481\/revisions"}],"predecessor-version":[{"id":485,"href":"https:\/\/armatasalvarii.md\/ro\/wp-json\/wp\/v2\/pages\/481\/revisions\/485"}],"wp:attachment":[{"href":"https:\/\/armatasalvarii.md\/ro\/wp-json\/wp\/v2\/media?parent=481"}],"curies":[{"name":"wp","href":"https:\/\/api.w.org\/{rel}","templated":true}]}}