{"id":476,"date":"2023-08-15T11:35:17","date_gmt":"2023-08-15T11:35:17","guid":{"rendered":"https:\/\/armatasalvarii.md\/?page_id=476"},"modified":"2023-08-15T11:35:48","modified_gmt":"2023-08-15T11:35:48","slug":"viziune","status":"publish","type":"page","link":"https:\/\/armatasalvarii.md\/ro\/viziune\/","title":{"rendered":"Viziune"},"content":{"rendered":"\t\t<div data-elementor-type=\"wp-page\" data-elementor-id=\"476\" class=\"elementor elementor-476 elementor-288\" data-elementor-post-type=\"page\">\n\t\t\t\t\t\t\t\t\t<section class=\"elementor-section elementor-top-section elementor-element elementor-element-b622bf9 elementor-section-boxed elementor-section-height-default elementor-section-height-default\" data-id=\"b622bf9\" data-element_type=\"section\">\n\t\t\t\t\t\t<div class=\"elementor-container elementor-column-gap-default\">\n\t\t\t\t\t<div class=\"elementor-column elementor-col-100 elementor-top-column elementor-element elementor-element-8ad9e68\" data-id=\"8ad9e68\" data-element_type=\"column\">\n\t\t\t<div class=\"elementor-widget-wrap elementor-element-populated\">\n\t\t\t\t\t\t\t\t<div class=\"elementor-element elementor-element-e8af3a4 elementor-widget elementor-widget-text-editor\" data-id=\"e8af3a4\" data-element_type=\"widget\" data-widget_type=\"text-editor.default\">\n\t\t\t\t<div class=\"elementor-widget-container\">\n\t\t\t\t\t\t\t<div class=\"row-fluid\"><div class=\"span9 content\"><p><img decoding=\"async\" loading=\"lazy\" class=\"wp-image-3000 size-thumbnail alignright\" src=\"https:\/\/salvationarmyeet.org\/wp-content\/uploads\/2018\/03\/OneArmyOneMissionOnemessageMain-Logo-300dpi.jpg\" sizes=\"(max-width: 150px) 100vw, 150px\" srcset=\"https:\/\/salvationarmyeet.org\/wp-content\/uploads\/2018\/03\/OneArmyOneMissionOnemessageMain-Logo-300dpi-150x150.jpg 150w, https:\/\/salvationarmyeet.org\/wp-content\/uploads\/2018\/03\/OneArmyOneMissionOnemessageMain-Logo-300dpi-73x73.jpg 73w, https:\/\/salvationarmyeet.org\/wp-content\/uploads\/2018\/03\/OneArmyOneMissionOnemessageMain-Logo-300dpi-174x174.jpg 174w, https:\/\/salvationarmyeet.org\/wp-content\/uploads\/2018\/03\/OneArmyOneMissionOnemessageMain-Logo-300dpi-250x250.jpg 250w\" alt=\"\" width=\"150\" height=\"150\" \/><b><\/b><\/p><p><strong>O SINGUR<\/strong><strong>\u0102 ARMAT\u0102<\/strong><strong>:\u00a0<\/strong>Vedem o Armat\u0103 creat\u0103 \u0219i plin\u0103 de Dumnezeu pentru secolul 21 \u2013 fiind convin\u0219i de chemarea \u0219i de avansarea noastr\u0103 \u00eempreun\u0103<\/p><p>Ne vom\u2026<\/p><ul><li>aprofunda via\u021ba spiritual\u0103<\/li><li>uni \u00een rug\u0103ciune<\/li><li>identifica \u0219i dezvolta liderii<\/li><li>spori autofina\u021barea \u0219i apelul la sacrificiu<\/li><\/ul><p><strong>O SINGUR\u0102 MISIUNE:\u00a0<\/strong>\u00cen lumea celor r\u0103ni\u021bi, fr\u00e2n\u021bi, singuri, dezam\u0103gi\u021bi \u0219i pierdu\u021bi, vom ajunge la ei cu dragoste prin toate mijloacele<\/p><p>Vom\u2026<\/p><ul><li>pune accentul asupra misiunii noastre integrate<\/li><li>ajunge la tineri \u0219i copii \u0219i \u00eei vom implica<\/li><li>lua ap\u0103rarea celor marginaliza\u021bi \u0219i \u00eei vom sluji<\/li><li>\u00eencuraja inovarea \u00een misiune<\/li><\/ul><p><strong>UN SINGUR MESAJ:\u00a0<\/strong>Cu ajutorul mesajului transformator al lui Isus, care aduce liberate, speran\u021b\u0103 \u0219i via\u021b\u0103<\/p><p>Noi vom\u2026<\/p><ul><li>vorbi f\u0103r\u0103 nicio ru\u0219ine cu Hristos<\/li><li>reafirma credin\u021ba noastr\u0103 \u00een transformare<\/li><li>evangheliza \u0219i disciplina eficient<\/li><li>oferi resurse didactice de calitate<\/li><\/ul><p><em>\u00a0Studii Biblice pentru\u00a0<u>O Singur\u0103 Armat\u0103,<\/u>\u00a0<u>O Singur\u0103 Misiune\u00a0<\/u>\u0219i\u00a0<u>Un Singur\u00a0<\/u>Mesaj<\/em><\/p><p><em>*<\/em><em>Pentru mai multe informa\u021bii, v\u0103 rug\u0103m s\u0103 vizita\u021bi<\/em>\u00a0<a href=\"http:\/\/www.salvationarmy.org\/\"><em>http:\/\/www.salvationarmy.org\/<\/em><\/a><\/p><p><br \/><b><\/b><\/p><\/div><\/div>\t\t\t\t\t\t<\/div>\n\t\t\t\t<\/div>\n\t\t\t\t\t<\/div>\n\t\t<\/div>\n\t\t\t\t\t\t\t<\/div>\n\t\t<\/section>\n\t\t\t\t\t\t\t<\/div>\n\t\t","protected":false},"excerpt":{"rendered":"<p>O SINGUR\u0102 ARMAT\u0102:\u00a0Vedem o Armat\u0103 creat\u0103 \u0219i plin\u0103 de Dumnezeu pentru secolul 21 \u2013 fiind convin\u0219i de chemarea \u0219i de avansarea noastr\u0103 \u00eempreun\u0103 Ne vom\u2026 aprofunda via\u021ba spiritual\u0103 uni \u00een [&hellip;]<\/p>\n","protected":false},"author":1,"featured_media":0,"parent":0,"menu_order":0,"comment_status":"closed","ping_status":"closed","template":"","meta":{"footnotes":""},"_links":{"self":[{"href":"https:\/\/armatasalvarii.md\/ro\/wp-json\/wp\/v2\/pages\/476"}],"collection":[{"href":"https:\/\/armatasalvarii.md\/ro\/wp-json\/wp\/v2\/pages"}],"about":[{"href":"https:\/\/armatasalvarii.md\/ro\/wp-json\/wp\/v2\/types\/page"}],"author":[{"embeddable":true,"href":"https:\/\/armatasalvarii.md\/ro\/wp-json\/wp\/v2\/users\/1"}],"replies":[{"embeddable":true,"href":"https:\/\/armatasalvarii.md\/ro\/wp-json\/wp\/v2\/comments?post=476"}],"version-history":[{"count":4,"href":"https:\/\/armatasalvarii.md\/ro\/wp-json\/wp\/v2\/pages\/476\/revisions"}],"predecessor-version":[{"id":480,"href":"https:\/\/armatasalvarii.md\/ro\/wp-json\/wp\/v2\/pages\/476\/revisions\/480"}],"wp:attachment":[{"href":"https:\/\/armatasalvarii.md\/ro\/wp-json\/wp\/v2\/media?parent=476"}],"curies":[{"name":"wp","href":"https:\/\/api.w.org\/{rel}","templated":true}]}}